{"id":13675,"date":"2024-05-22T16:10:58","date_gmt":"2024-05-22T16:10:58","guid":{"rendered":"https:\/\/www.strokerehabilitacio.hu\/?page_id=13675"},"modified":"2026-03-05T13:45:43","modified_gmt":"2026-03-05T13:45:43","slug":"foundation","status":"publish","type":"page","link":"https:\/\/strokerehabilitacio.hu\/en\/foundation\/","title":{"rendered":"Foundation"},"content":{"rendered":"<div data-elementor-type=\"wp-page\" data-elementor-id=\"13675\" class=\"elementor elementor-13675\" data-elementor-post-type=\"page\">\n\t\t\t\t\t\t<section class=\"elementor-section elementor-top-section elementor-element elementor-element-9f1df14 elementor-section-stretched elementor-section-content-middle elementor-section-boxed elementor-section-height-default elementor-section-height-default\" data-id=\"9f1df14\" data-element_type=\"section\" data-e-type=\"section\" data-settings=\"{&quot;stretch_section&quot;:&quot;section-stretched&quot;,&quot;background_background&quot;:&quot;classic&quot;}\">\n\t\t\t\t\t\t\t<div class=\"elementor-background-overlay\"><\/div>\n\t\t\t\t\t\t\t<div class=\"elementor-container elementor-column-gap-default\">\n\t\t\t\t\t<div class=\"elementor-column elementor-col-100 elementor-top-column elementor-element elementor-element-284cb2f\" data-id=\"284cb2f\" data-element_type=\"column\" data-e-type=\"column\">\n\t\t\t<div class=\"elementor-widget-wrap elementor-element-populated\">\n\t\t\t\t\t\t<div class=\"elementor-element elementor-element-11228b4 elementor-widget elementor-widget-heading\" data-id=\"11228b4\" data-element_type=\"widget\" data-e-type=\"widget\" data-widget_type=\"heading.default\">\n\t\t\t\t<div class=\"elementor-widget-container\">\n\t\t\t\t\t<h1 class=\"elementor-heading-title elementor-size-default\">Foundation<\/h1>\t\t\t\t<\/div>\n\t\t\t\t<\/div>\n\t\t\t\t\t<\/div>\n\t\t<\/div>\n\t\t\t\t\t<\/div>\n\t\t<\/section>\n\t\t\t\t<section class=\"elementor-section elementor-top-section elementor-element elementor-element-521d3f2 elementor-section-stretched elementor-reverse-tablet elementor-reverse-mobile elementor-section-boxed elementor-section-height-default elementor-section-height-default\" data-id=\"521d3f2\" data-element_type=\"section\" data-e-type=\"section\" data-settings=\"{&quot;background_background&quot;:&quot;classic&quot;,&quot;stretch_section&quot;:&quot;section-stretched&quot;}\">\n\t\t\t\t\t\t\t<div class=\"elementor-background-overlay\"><\/div>\n\t\t\t\t\t\t\t<div class=\"elementor-container elementor-column-gap-default\">\n\t\t\t\t\t<div class=\"elementor-column elementor-col-50 elementor-top-column elementor-element elementor-element-da53314\" data-id=\"da53314\" data-element_type=\"column\" data-e-type=\"column\" data-settings=\"{&quot;background_background&quot;:&quot;classic&quot;,&quot;animation&quot;:&quot;none&quot;}\">\n\t\t\t<div class=\"elementor-widget-wrap elementor-element-populated\">\n\t\t\t\t\t\t<div class=\"elementor-element elementor-element-2cad6ea elementor-widget elementor-widget-heading\" data-id=\"2cad6ea\" data-element_type=\"widget\" data-e-type=\"widget\" data-widget_type=\"heading.default\">\n\t\t\t\t<div class=\"elementor-widget-container\">\n\t\t\t\t\t<h4 class=\"elementor-heading-title elementor-size-default\">Support our work!<\/h4>\t\t\t\t<\/div>\n\t\t\t\t<\/div>\n\t\t\t\t<div class=\"elementor-element elementor-element-9f7e382 elementor-widget elementor-widget-text-editor\" data-id=\"9f7e382\" data-element_type=\"widget\" data-e-type=\"widget\" data-widget_type=\"text-editor.default\">\n\t\t\t\t<div class=\"elementor-widget-container\">\n\t\t\t\t\t\t\t\t\t<p>Stroke Neuro Rehab Foundation Our foundation aims to <b>we can provide support<\/b> for those a <b>for stroke survivors<\/b> and to their families who <b>they do not know<\/b> private rehabilitation <b>financial difficulties<\/b> to use because of.<\/p>\n<p>We help the <b>needy<\/b> survivors, those who wish to recover, as soon as possible <b>be returned<\/b> the ordinary, real <b>into life<\/b>. We try to raise material and other tangible assets, we search for possible resources, <b>applications<\/b> we submit to help you. We organize lectures and courses, and we get you hooked <b>every opportunity<\/b> to promote the activities of our Foundation. All this requires that <b>supporters<\/b> let&#039;s find it! we ask that <b>support the Stroke Neuro Rehab Foundation!<\/b><\/p>\n<p><b>Title:<\/b> 4200 Hajd\u00faszoboszl\u00f3, B\u00e1nomkerti \u00fat 3.<br><b style=\"font-size: 1rem;\">Mobile:<\/b><span style=\"font-size: 1rem;\"> +3670388-0697<br><\/span><b style=\"font-size: 1rem;\">E-mail address: <\/b><span style=\"font-size: 1rem;\">center<\/span><a href=\"mailto:info@strokeneurorehab.com\" style=\"font-size: 1rem; background-color: rgb(254, 254, 254);\">@strokeneurorehab.com<\/a><br><b style=\"font-size: 1rem;\">Ad\u00f3sz\u00e1m: <\/b><span style=\"font-size: 1rem;\">19323213-1-09<br><\/span><b style=\"font-size: 1rem;\">Registration number:<\/b><span style=\"font-size: 1rem;\"> 01-01-0013255<br><\/span><b style=\"font-size: 1rem;\">Account number:<\/b><span style=\"font-size: 1rem;\"> 11709088-21455845 (OTP) <br>IBAN: HU55117090882145584500000000<\/span><\/p>\n<p><\/p>\t\t\t\t\t\t\t\t<\/div>\n\t\t\t\t<\/div>\n\t\t\t\t<div class=\"elementor-element elementor-element-33a1bb9 elementor-align-left elementor-widget elementor-widget-button\" data-id=\"33a1bb9\" data-element_type=\"widget\" data-e-type=\"widget\" data-widget_type=\"button.default\">\n\t\t\t\t<div class=\"elementor-widget-container\">\n\t\t\t\t\t\t\t\t\t<div class=\"elementor-button-wrapper\">\n\t\t\t\t\t<a class=\"elementor-button elementor-button-link elementor-size-sm\" href=\"http:\/\/strokeneurorehab-alapitvany.hu\/\">\n\t\t\t\t\t\t<span class=\"elementor-button-content-wrapper\">\n\t\t\t\t\t\t\t\t\t<span class=\"elementor-button-text\">Continue to the foundation&#039;s website<\/span>\n\t\t\t\t\t<\/span>\n\t\t\t\t\t<\/a>\n\t\t\t\t<\/div>\n\t\t\t\t\t\t\t\t<\/div>\n\t\t\t\t<\/div>\n\t\t\t\t\t<\/div>\n\t\t<\/div>\n\t\t\t\t<div class=\"elementor-column elementor-col-50 elementor-top-column elementor-element elementor-element-464a900\" data-id=\"464a900\" data-element_type=\"column\" data-e-type=\"column\" data-settings=\"{&quot;background_background&quot;:&quot;classic&quot;}\">\n\t\t\t<div class=\"elementor-widget-wrap elementor-element-populated\">\n\t\t\t\t\t\t<div class=\"elementor-element elementor-element-24faf7f elementor-widget elementor-widget-image\" data-id=\"24faf7f\" data-element_type=\"widget\" data-e-type=\"widget\" data-widget_type=\"image.default\">\n\t\t\t\t<div class=\"elementor-widget-container\">\n\t\t\t\t\t\t\t\t\t\t\t\t\t\t\t<img fetchpriority=\"high\" decoding=\"async\" width=\"600\" height=\"600\" src=\"https:\/\/strokerehabilitacio.hu\/wp-content\/uploads\/2024\/05\/cropped-alapitvany-logo.png\" class=\"attachment-large size-large wp-image-13860\" alt=\"\" srcset=\"https:\/\/strokerehabilitacio.hu\/wp-content\/uploads\/2024\/05\/cropped-alapitvany-logo.png 600w, https:\/\/strokerehabilitacio.hu\/wp-content\/uploads\/2024\/05\/cropped-alapitvany-logo-300x300.png 300w, https:\/\/strokerehabilitacio.hu\/wp-content\/uploads\/2024\/05\/cropped-alapitvany-logo-150x150.png 150w\" sizes=\"(max-width: 600px) 100vw, 600px\" \/>\t\t\t\t\t\t\t\t\t\t\t\t\t\t\t<\/div>\n\t\t\t\t<\/div>\n\t\t\t\t\t<\/div>\n\t\t<\/div>\n\t\t\t\t\t<\/div>\n\t\t<\/section>\n\t\t\t\t<\/div>","protected":false},"excerpt":{"rendered":"<p>Alap\u00edtv\u00e1ny T\u00e1mogassa munk\u00e1nkat! A Stroke Neuro Rehab Alap\u00edtv\u00e1ny Alap\u00edtv\u00e1nyunk c\u00e9lja, hogy t\u00e1mogat\u00e1st tudjunk ny\u00fajtani azoknak a stroke t\u00fal\u00e9l\u0151knek \u00e9s csal\u00e1djaiknak, akik nem tudj\u00e1k a mag\u00e1nrehabilit\u00e1ci\u00f3t anyagi neh\u00e9zs\u00e9gek miatt ig\u00e9nybe venni. Seg\u00edtj\u00fck a r\u00e1szorul\u00f3 t\u00fal\u00e9l\u0151ket, gy\u00f3gyulni v\u00e1gy\u00f3kat, hogy min\u00e9l hamarabb visszaker\u00fcljenek a h\u00e9tk\u00f6znapi, val\u00f3s \u00e9letbe. Igyeksz\u00fcnk el\u0151teremteni az anyagi \u00e9s egy\u00e9b t\u00e1rgyi eszk\u00f6z\u00f6ket, felkutatjuk a lehets\u00e9ges [&hellip;]<\/p>","protected":false},"author":1,"featured_media":0,"parent":0,"menu_order":0,"comment_status":"closed","ping_status":"closed","template":"","meta":{"footnotes":""},"class_list":["post-13675","page","type-page","status-publish","hentry"],"yoast_head":"<!-- This site is optimized with the Yoast SEO Premium plugin v27.1 (Yoast SEO v27.3) - https:\/\/yoast.com\/product\/yoast-seo-premium-wordpress\/ -->\n<title>Alap\u00edtv\u00e1ny - Stroke Neuro Rehab K\u00f6zpont<\/title>\n<meta name=\"description\" content=\"C\u00e9lunk, hogy anyagi \u00e9s t\u00e1rgyi seg\u00edts\u00e9get ny\u00fajtsunk stroke-on \u00e1tesett betegeknek, akik nem engedhetik meg maguknak a rehabilit\u00e1ci\u00f3t.\" \/>\n<meta name=\"robots\" content=\"index, follow, max-snippet:-1, max-image-preview:large, max-video-preview:-1\" \/>\n<link rel=\"canonical\" href=\"https:\/\/strokerehabilitacio.hu\/en\/foundation\/\" \/>\n<meta property=\"og:locale\" content=\"en_GB\" \/>\n<meta property=\"og:type\" content=\"article\" \/>\n<meta property=\"og:title\" content=\"Alap\u00edtv\u00e1ny\" \/>\n<meta property=\"og:description\" content=\"Igyeksz\u00fcnk el\u0151teremteni az anyagi \u00e9s egy\u00e9b t\u00e1rgyi eszk\u00f6z\u00f6ket, felkutatjuk a lehets\u00e9ges er\u0151forr\u00e1sokat\" \/>\n<meta property=\"og:url\" content=\"https:\/\/strokerehabilitacio.hu\/en\/foundation\/\" \/>\n<meta property=\"og:site_name\" content=\"Stroke Neuro Rehab K\u00f6zpont\" \/>\n<meta property=\"article:publisher\" content=\"https:\/\/www.facebook.com\/strokeneurorehab\" \/>\n<meta property=\"article:modified_time\" content=\"2026-03-05T13:45:43+00:00\" \/>\n<meta property=\"og:image\" content=\"https:\/\/strokerehabilitacio.hu\/wp-content\/uploads\/2024\/05\/cropped-alapitvany-logo.png\" \/>\n\t<meta property=\"og:image:width\" content=\"600\" \/>\n\t<meta property=\"og:image:height\" content=\"600\" \/>\n\t<meta property=\"og:image:type\" content=\"image\/png\" \/>\n<meta name=\"twitter:card\" content=\"summary_large_image\" \/>\n<meta name=\"twitter:label1\" content=\"Estimated reading time\" \/>\n\t<meta name=\"twitter:data1\" content=\"1 minute\" \/>\n<script type=\"application\/ld+json\" class=\"yoast-schema-graph\">{\"@context\":\"https:\\\/\\\/schema.org\",\"@graph\":[{\"@type\":\"WebPage\",\"@id\":\"https:\\\/\\\/strokerehabilitacio.hu\\\/alapitvany\\\/\",\"url\":\"https:\\\/\\\/strokerehabilitacio.hu\\\/alapitvany\\\/\",\"name\":\"Alap\u00edtv\u00e1ny - Stroke Neuro Rehab K\u00f6zpont\",\"isPartOf\":{\"@id\":\"https:\\\/\\\/strokerehabilitacio.hu\\\/#website\"},\"primaryImageOfPage\":{\"@id\":\"https:\\\/\\\/strokerehabilitacio.hu\\\/alapitvany\\\/#primaryimage\"},\"image\":{\"@id\":\"https:\\\/\\\/strokerehabilitacio.hu\\\/alapitvany\\\/#primaryimage\"},\"thumbnailUrl\":\"https:\\\/\\\/strokerehabilitacio.hu\\\/wp-content\\\/uploads\\\/2024\\\/05\\\/cropped-alapitvany-logo.png\",\"datePublished\":\"2024-05-22T16:10:58+00:00\",\"dateModified\":\"2026-03-05T13:45:43+00:00\",\"description\":\"C\u00e9lunk, hogy anyagi \u00e9s t\u00e1rgyi seg\u00edts\u00e9get ny\u00fajtsunk stroke-on \u00e1tesett betegeknek, akik nem engedhetik meg maguknak a rehabilit\u00e1ci\u00f3t.\",\"breadcrumb\":{\"@id\":\"https:\\\/\\\/strokerehabilitacio.hu\\\/alapitvany\\\/#breadcrumb\"},\"inLanguage\":\"en-GB\",\"potentialAction\":[{\"@type\":\"ReadAction\",\"target\":[\"https:\\\/\\\/strokerehabilitacio.hu\\\/alapitvany\\\/\"]}]},{\"@type\":\"ImageObject\",\"inLanguage\":\"en-GB\",\"@id\":\"https:\\\/\\\/strokerehabilitacio.hu\\\/alapitvany\\\/#primaryimage\",\"url\":\"https:\\\/\\\/strokerehabilitacio.hu\\\/wp-content\\\/uploads\\\/2024\\\/05\\\/cropped-alapitvany-logo.png\",\"contentUrl\":\"https:\\\/\\\/strokerehabilitacio.hu\\\/wp-content\\\/uploads\\\/2024\\\/05\\\/cropped-alapitvany-logo.png\"},{\"@type\":\"BreadcrumbList\",\"@id\":\"https:\\\/\\\/strokerehabilitacio.hu\\\/alapitvany\\\/#breadcrumb\",\"itemListElement\":[{\"@type\":\"ListItem\",\"position\":1,\"name\":\"Kezd\u0151lap\",\"item\":\"https:\\\/\\\/strokerehabilitacio.hu\\\/\"},{\"@type\":\"ListItem\",\"position\":2,\"name\":\"Alap\u00edtv\u00e1ny\"}]},{\"@type\":\"WebSite\",\"@id\":\"https:\\\/\\\/strokerehabilitacio.hu\\\/#website\",\"url\":\"https:\\\/\\\/strokerehabilitacio.hu\\\/\",\"name\":\"Stroke Neuro Rehab K\u00f6zpont\",\"description\":\"Intenz\u00edv Rehabilit\u00e1ci\u00f3s Tr\u00e9ning Hajd\u00faszoboszl\u00f3n\",\"publisher\":{\"@id\":\"https:\\\/\\\/strokerehabilitacio.hu\\\/#organization\"},\"potentialAction\":[{\"@type\":\"SearchAction\",\"target\":{\"@type\":\"EntryPoint\",\"urlTemplate\":\"https:\\\/\\\/strokerehabilitacio.hu\\\/?s={search_term_string}\"},\"query-input\":{\"@type\":\"PropertyValueSpecification\",\"valueRequired\":true,\"valueName\":\"search_term_string\"}}],\"inLanguage\":\"en-GB\"},{\"@type\":\"Organization\",\"@id\":\"https:\\\/\\\/strokerehabilitacio.hu\\\/#organization\",\"name\":\"Stroke Neuro Rehab Kft.\",\"url\":\"https:\\\/\\\/strokerehabilitacio.hu\\\/\",\"logo\":{\"@type\":\"ImageObject\",\"inLanguage\":\"en-GB\",\"@id\":\"https:\\\/\\\/strokerehabilitacio.hu\\\/#\\\/schema\\\/logo\\\/image\\\/\",\"url\":\"https:\\\/\\\/strokerehabilitacio.hu\\\/wp-content\\\/uploads\\\/2024\\\/05\\\/cropped-stroke-logo-1.png\",\"contentUrl\":\"https:\\\/\\\/strokerehabilitacio.hu\\\/wp-content\\\/uploads\\\/2024\\\/05\\\/cropped-stroke-logo-1.png\",\"width\":316,\"height\":86,\"caption\":\"Stroke Neuro Rehab Kft.\"},\"image\":{\"@id\":\"https:\\\/\\\/strokerehabilitacio.hu\\\/#\\\/schema\\\/logo\\\/image\\\/\"},\"sameAs\":[\"https:\\\/\\\/www.facebook.com\\\/strokeneurorehab\",\"https:\\\/\\\/www.youtube.com\\\/@strokeneurorehabtv5110\",\"https:\\\/\\\/www.instagram.com\\\/stroke_neuro_rehab\\\/\"]}]}<\/script>\n<!-- \/ Yoast SEO Premium plugin. -->","yoast_head_json":{"title":"Foundation - Stroke Neuro Rehab Center","description":"Our goal is to provide financial and material assistance to stroke patients who cannot afford rehabilitation.","robots":{"index":"index","follow":"follow","max-snippet":"max-snippet:-1","max-image-preview":"max-image-preview:large","max-video-preview":"max-video-preview:-1"},"canonical":"https:\/\/strokerehabilitacio.hu\/en\/foundation\/","og_locale":"en_GB","og_type":"article","og_title":"Alap\u00edtv\u00e1ny","og_description":"Igyeksz\u00fcnk el\u0151teremteni az anyagi \u00e9s egy\u00e9b t\u00e1rgyi eszk\u00f6z\u00f6ket, felkutatjuk a lehets\u00e9ges er\u0151forr\u00e1sokat","og_url":"https:\/\/strokerehabilitacio.hu\/en\/foundation\/","og_site_name":"Stroke Neuro Rehab K\u00f6zpont","article_publisher":"https:\/\/www.facebook.com\/strokeneurorehab","article_modified_time":"2026-03-05T13:45:43+00:00","og_image":[{"width":600,"height":600,"url":"https:\/\/strokerehabilitacio.hu\/wp-content\/uploads\/2024\/05\/cropped-alapitvany-logo.png","type":"image\/png"}],"twitter_card":"summary_large_image","twitter_misc":{"Estimated reading time":"1 minute"},"schema":{"@context":"https:\/\/schema.org","@graph":[{"@type":"WebPage","@id":"https:\/\/strokerehabilitacio.hu\/alapitvany\/","url":"https:\/\/strokerehabilitacio.hu\/alapitvany\/","name":"Foundation - Stroke Neuro Rehab Center","isPartOf":{"@id":"https:\/\/strokerehabilitacio.hu\/#website"},"primaryImageOfPage":{"@id":"https:\/\/strokerehabilitacio.hu\/alapitvany\/#primaryimage"},"image":{"@id":"https:\/\/strokerehabilitacio.hu\/alapitvany\/#primaryimage"},"thumbnailUrl":"https:\/\/strokerehabilitacio.hu\/wp-content\/uploads\/2024\/05\/cropped-alapitvany-logo.png","datePublished":"2024-05-22T16:10:58+00:00","dateModified":"2026-03-05T13:45:43+00:00","description":"Our goal is to provide financial and material assistance to stroke patients who cannot afford rehabilitation.","breadcrumb":{"@id":"https:\/\/strokerehabilitacio.hu\/alapitvany\/#breadcrumb"},"inLanguage":"en-GB","potentialAction":[{"@type":"ReadAction","target":["https:\/\/strokerehabilitacio.hu\/alapitvany\/"]}]},{"@type":"ImageObject","inLanguage":"en-GB","@id":"https:\/\/strokerehabilitacio.hu\/alapitvany\/#primaryimage","url":"https:\/\/strokerehabilitacio.hu\/wp-content\/uploads\/2024\/05\/cropped-alapitvany-logo.png","contentUrl":"https:\/\/strokerehabilitacio.hu\/wp-content\/uploads\/2024\/05\/cropped-alapitvany-logo.png"},{"@type":"BreadcrumbList","@id":"https:\/\/strokerehabilitacio.hu\/alapitvany\/#breadcrumb","itemListElement":[{"@type":"ListItem","position":1,"name":"Kezd\u0151lap","item":"https:\/\/strokerehabilitacio.hu\/"},{"@type":"ListItem","position":2,"name":"Alap\u00edtv\u00e1ny"}]},{"@type":"WebSite","@id":"https:\/\/strokerehabilitacio.hu\/#website","url":"https:\/\/strokerehabilitacio.hu\/","name":"Stroke Neuro Rehab Center","description":"Intenz\u00edv Rehabilit\u00e1ci\u00f3s Tr\u00e9ning Hajd\u00faszoboszl\u00f3n","publisher":{"@id":"https:\/\/strokerehabilitacio.hu\/#organization"},"potentialAction":[{"@type":"SearchAction","target":{"@type":"EntryPoint","urlTemplate":"https:\/\/strokerehabilitacio.hu\/?s={search_term_string}"},"query-input":{"@type":"PropertyValueSpecification","valueRequired":true,"valueName":"search_term_string"}}],"inLanguage":"en-GB"},{"@type":"Organization","@id":"https:\/\/strokerehabilitacio.hu\/#organization","name":"Stroke Neuro Rehab Kft.","url":"https:\/\/strokerehabilitacio.hu\/","logo":{"@type":"ImageObject","inLanguage":"en-GB","@id":"https:\/\/strokerehabilitacio.hu\/#\/schema\/logo\/image\/","url":"https:\/\/strokerehabilitacio.hu\/wp-content\/uploads\/2024\/05\/cropped-stroke-logo-1.png","contentUrl":"https:\/\/strokerehabilitacio.hu\/wp-content\/uploads\/2024\/05\/cropped-stroke-logo-1.png","width":316,"height":86,"caption":"Stroke Neuro Rehab Kft."},"image":{"@id":"https:\/\/strokerehabilitacio.hu\/#\/schema\/logo\/image\/"},"sameAs":["https:\/\/www.facebook.com\/strokeneurorehab","https:\/\/www.youtube.com\/@strokeneurorehabtv5110","https:\/\/www.instagram.com\/stroke_neuro_rehab\/"]}]}},"_links":{"self":[{"href":"https:\/\/strokerehabilitacio.hu\/en\/wp-json\/wp\/v2\/pages\/13675","targetHints":{"allow":["GET"]}}],"collection":[{"href":"https:\/\/strokerehabilitacio.hu\/en\/wp-json\/wp\/v2\/pages"}],"about":[{"href":"https:\/\/strokerehabilitacio.hu\/en\/wp-json\/wp\/v2\/types\/page"}],"author":[{"embeddable":true,"href":"https:\/\/strokerehabilitacio.hu\/en\/wp-json\/wp\/v2\/users\/1"}],"replies":[{"embeddable":true,"href":"https:\/\/strokerehabilitacio.hu\/en\/wp-json\/wp\/v2\/comments?post=13675"}],"version-history":[{"count":14,"href":"https:\/\/strokerehabilitacio.hu\/en\/wp-json\/wp\/v2\/pages\/13675\/revisions"}],"predecessor-version":[{"id":14575,"href":"https:\/\/strokerehabilitacio.hu\/en\/wp-json\/wp\/v2\/pages\/13675\/revisions\/14575"}],"wp:attachment":[{"href":"https:\/\/strokerehabilitacio.hu\/en\/wp-json\/wp\/v2\/media?parent=13675"}],"curies":[{"name":"wp","href":"https:\/\/api.w.org\/{rel}","templated":true}]}}